{"id":10380,"date":"2017-12-21T09:00:47","date_gmt":"2017-12-21T12:00:47","guid":{"rendered":"https:\/\/staging.arinzano.com\/contact-us\/"},"modified":"2023-01-04T10:47:04","modified_gmt":"2023-01-04T13:47:04","slug":"contact-us","status":"publish","type":"page","link":"https:\/\/staging.arinzano.com\/en\/contact-us\/","title":{"rendered":"Contact Us"},"content":{"rendered":"\t\t<div data-elementor-type=\"wp-post\" data-elementor-id=\"10380\" class=\"elementor elementor-10380 elementor-414\" data-elementor-post-type=\"page\">\n\t\t\t\t\t\t<section class=\"elementor-section elementor-top-section elementor-element elementor-element-b5fec9a elementor-section-full_width elementor-section-stretched elementor-section-height-full elementor-section-height-default elementor-section-items-middle\" data-id=\"b5fec9a\" data-element_type=\"section\" id=\"section-contact\" data-settings=\"{&quot;stretch_section&quot;:&quot;section-stretched&quot;,&quot;background_background&quot;:&quot;classic&quot;}\">\n\t\t\t\t\t\t<div class=\"elementor-container elementor-column-gap-default\">\n\t\t\t\t\t<div class=\"elementor-column elementor-col-100 elementor-top-column elementor-element elementor-element-9006941\" data-id=\"9006941\" data-element_type=\"column\" id=\"column-contact\">\n\t\t\t<div class=\"elementor-widget-wrap elementor-element-populated\">\n\t\t\t\t\t\t<section class=\"elementor-section elementor-inner-section elementor-element elementor-element-d9ddf8c elementor-section-content-middle elementor-section-boxed elementor-section-height-default elementor-section-height-default\" data-id=\"d9ddf8c\" data-element_type=\"section\">\n\t\t\t\t\t\t<div class=\"elementor-container elementor-column-gap-default\">\n\t\t\t\t\t<div class=\"elementor-column elementor-col-50 elementor-inner-column elementor-element elementor-element-a08935b\" data-id=\"a08935b\" data-element_type=\"column\">\n\t\t\t<div class=\"elementor-widget-wrap elementor-element-populated\">\n\t\t\t\t\t\t<div class=\"elementor-element elementor-element-ba5e5b9 elementor-widget__width-initial elementor-widget-laptop__width-initial elementor-widget elementor-widget-heading\" data-id=\"ba5e5b9\" data-element_type=\"widget\" id=\"title-gradient\" data-widget_type=\"heading.default\">\n\t\t\t\t<div class=\"elementor-widget-container\">\n\t\t\t\t\t<h1 class=\"elementor-heading-title elementor-size-default\">CONTACT<\/h1>\t\t\t\t<\/div>\n\t\t\t\t<\/div>\n\t\t\t\t<div class=\"elementor-element elementor-element-8f3c9be elementor-widget elementor-widget-wpforms\" data-id=\"8f3c9be\" data-element_type=\"widget\" data-widget_type=\"wpforms.default\">\n\t\t\t\t<div class=\"elementor-widget-container\">\n\t\t\t\t\t<div class=\"wpforms-container \" id=\"wpforms-18\"><form id=\"wpforms-form-18\" class=\"wpforms-validate wpforms-form\" data-formid=\"18\" method=\"post\" enctype=\"multipart\/form-data\" action=\"\/en\/wp-json\/wp\/v2\/pages\/10380\" data-token=\"8d204ed3422dea47f2e34a1355249484\" data-token-time=\"1775422343\"><noscript class=\"wpforms-error-noscript\">Please enable JavaScript in your browser to complete this form.<\/noscript><div class=\"wpforms-field-container\"><div id=\"wpforms-18-field_0-container\" class=\"wpforms-field wpforms-field-name wpforms-one-half wpforms-first inputs-form\" data-field-id=\"0\"><label class=\"wpforms-field-label\" for=\"wpforms-18-field_0\">Name <span class=\"wpforms-required-label\">*<\/span><\/label><input type=\"text\" id=\"wpforms-18-field_0\" class=\"wpforms-field-large wpforms-field-required\" name=\"wpforms[fields][0]\" required><\/div><div id=\"wpforms-18-field_9-container\" class=\"wpforms-field wpforms-field-text wpforms-one-half inputs-form\" data-field-id=\"9\"><label class=\"wpforms-field-label\" for=\"wpforms-18-field_9\">Phone number<\/label><input type=\"text\" id=\"wpforms-18-field_9\" class=\"wpforms-field-large\" name=\"wpforms[fields][9]\" ><\/div><div id=\"wpforms-18-field_4-container\" class=\"wpforms-field wpforms-field-email inputs-form\" data-field-id=\"4\"><label class=\"wpforms-field-label\" for=\"wpforms-18-field_4\">Email <span class=\"wpforms-required-label\">*<\/span><\/label><input type=\"email\" id=\"wpforms-18-field_4\" class=\"wpforms-field-large wpforms-field-required\" name=\"wpforms[fields][4]\" spellcheck=\"false\" required><\/div><div id=\"wpforms-18-field_2-container\" class=\"wpforms-field wpforms-field-textarea inputs-form\" data-field-id=\"2\"><label class=\"wpforms-field-label\" for=\"wpforms-18-field_2\">Leave your message here. We will respond as soon as possible.<\/label><textarea id=\"wpforms-18-field_2\" class=\"wpforms-field-large\" name=\"wpforms[fields][2]\" ><\/textarea><\/div><\/div><!-- .wpforms-field-container --><div class=\"wpforms-field wpforms-field-hp\"><label for=\"wpforms-18-field-hp\" class=\"wpforms-field-label\">Website<\/label><input type=\"text\" name=\"wpforms[hp]\" id=\"wpforms-18-field-hp\" class=\"wpforms-field-medium\"><\/div><div class=\"wpforms-submit-container\" ><input type=\"hidden\" name=\"wpforms[id]\" value=\"18\"><input type=\"hidden\" name=\"page_title\" value=\"\"><input type=\"hidden\" name=\"page_url\" value=\"https:\/\/staging.arinzano.com\/en\/wp-json\/wp\/v2\/pages\/10380\"><input type=\"hidden\" name=\"url_referer\" value=\"\"><button type=\"submit\" name=\"wpforms[submit]\" id=\"wpforms-submit-18\" class=\"wpforms-submit boton-form\" data-alt-text=\"Sending...\" data-submit-text=\"Send\" aria-live=\"assertive\" value=\"wpforms-submit\">Send<\/button><\/div><\/form><\/div>  <!-- .wpforms-container -->\t\t\t\t<\/div>\n\t\t\t\t<\/div>\n\t\t\t\t<div class=\"elementor-element elementor-element-48b2efd elementor-widget elementor-widget-html\" data-id=\"48b2efd\" data-element_type=\"widget\" data-widget_type=\"html.default\">\n\t\t\t\t<div class=\"elementor-widget-container\">\n\t\t\t\t\t<script>var $ = jQuery\n    console.log($(\".boton-form\"))\n    $(\".boton-form\").append( \"<img src='\/wp-content\/uploads\/2022\/12\/flecha_derecha-arinzano.svg' alt='arrow-send' style='margin-left:20px'\/>\" );\n<\/script>\t\t\t\t<\/div>\n\t\t\t\t<\/div>\n\t\t\t\t\t<\/div>\n\t\t<\/div>\n\t\t\t\t<div class=\"elementor-column elementor-col-50 elementor-inner-column elementor-element elementor-element-7e5b0a9\" data-id=\"7e5b0a9\" data-element_type=\"column\">\n\t\t\t<div class=\"elementor-widget-wrap elementor-element-populated\">\n\t\t\t\t\t\t<div class=\"elementor-element elementor-element-8f981e7 elementor-widget__width-inherit elementor-widget elementor-widget-heading\" data-id=\"8f981e7\" data-element_type=\"widget\" id=\"title-gradient\" data-widget_type=\"heading.default\">\n\t\t\t\t<div class=\"elementor-widget-container\">\n\t\t\t\t\t<p class=\"elementor-heading-title elementor-size-default\">MEDIA <br>SOCIAL<\/p>\t\t\t\t<\/div>\n\t\t\t\t<\/div>\n\t\t\t\t<div class=\"elementor-element elementor-element-0be0954 elementor-widget__width-inherit elementor-widget elementor-widget-spacer\" data-id=\"0be0954\" data-element_type=\"widget\" data-widget_type=\"spacer.default\">\n\t\t\t\t<div class=\"elementor-widget-container\">\n\t\t\t\t\t\t\t<div class=\"elementor-spacer\">\n\t\t\t<div class=\"elementor-spacer-inner\"><\/div>\n\t\t<\/div>\n\t\t\t\t\t\t<\/div>\n\t\t\t\t<\/div>\n\t\t\t\t<div class=\"elementor-element elementor-element-d3d150f elementor-widget__width-auto elementor-widget elementor-widget-image\" data-id=\"d3d150f\" data-element_type=\"widget\" data-widget_type=\"image.default\">\n\t\t\t\t<div class=\"elementor-widget-container\">\n\t\t\t\t\t\t\t\t\t\t\t\t\t\t\t\t<a href=\"https:\/\/www.facebook.com\/propiedaddearinzano\/\" target=\"_blank\">\n\t\t\t\t\t\t\t<img decoding=\"async\" width=\"134\" height=\"138\" src=\"https:\/\/staging.arinzano.com\/wp-content\/uploads\/2022\/10\/icon_facebook_footer_arinzano.png\" class=\"attachment-large size-large wp-image-7670\" alt=\"\" \/>\t\t\t\t\t\t\t\t<\/a>\n\t\t\t\t\t\t\t\t\t\t\t\t\t\t\t<\/div>\n\t\t\t\t<\/div>\n\t\t\t\t<div class=\"elementor-element elementor-element-b090449 elementor-widget__width-auto elementor-widget elementor-widget-image\" data-id=\"b090449\" data-element_type=\"widget\" data-widget_type=\"image.default\">\n\t\t\t\t<div class=\"elementor-widget-container\">\n\t\t\t\t\t\t\t\t\t\t\t\t\t\t\t\t<a href=\"https:\/\/www.instagram.com\/arinzano1055\/\" target=\"_blank\">\n\t\t\t\t\t\t\t<img decoding=\"async\" width=\"134\" height=\"138\" src=\"https:\/\/staging.arinzano.com\/wp-content\/uploads\/2022\/10\/icon_instagram_footer_arinzano.png\" class=\"attachment-large size-large wp-image-7667\" alt=\"\" \/>\t\t\t\t\t\t\t\t<\/a>\n\t\t\t\t\t\t\t\t\t\t\t\t\t\t\t<\/div>\n\t\t\t\t<\/div>\n\t\t\t\t<div class=\"elementor-element elementor-element-dffa94b elementor-widget__width-auto elementor-widget elementor-widget-image\" data-id=\"dffa94b\" data-element_type=\"widget\" data-widget_type=\"image.default\">\n\t\t\t\t<div class=\"elementor-widget-container\">\n\t\t\t\t\t\t\t\t\t\t\t\t\t\t\t\t<a href=\"https:\/\/www.youtube.com\/channel\/UCkPuwywDbN6Iu6kMv85IEpw\" target=\"_blank\">\n\t\t\t\t\t\t\t<img decoding=\"async\" width=\"134\" height=\"138\" src=\"https:\/\/staging.arinzano.com\/wp-content\/uploads\/2022\/10\/icon_youtube_footer_arinzano.png\" class=\"attachment-full size-full wp-image-7669\" alt=\"\" \/>\t\t\t\t\t\t\t\t<\/a>\n\t\t\t\t\t\t\t\t\t\t\t\t\t\t\t<\/div>\n\t\t\t\t<\/div>\n\t\t\t\t<div class=\"elementor-element elementor-element-8bef56b elementor-widget__width-auto elementor-widget elementor-widget-image\" data-id=\"8bef56b\" data-element_type=\"widget\" data-widget_type=\"image.default\">\n\t\t\t\t<div class=\"elementor-widget-container\">\n\t\t\t\t\t\t\t\t\t\t\t\t\t\t\t\t<a href=\"https:\/\/goo.gl\/maps\/uVT8vanEAwNJFj8p7\" target=\"_blank\">\n\t\t\t\t\t\t\t<img loading=\"lazy\" decoding=\"async\" width=\"134\" height=\"138\" src=\"https:\/\/staging.arinzano.com\/wp-content\/uploads\/2022\/10\/icon_ubicacion_footer_arinzano.png\" class=\"attachment-full size-full wp-image-7668\" alt=\"\" \/>\t\t\t\t\t\t\t\t<\/a>\n\t\t\t\t\t\t\t\t\t\t\t\t\t\t\t<\/div>\n\t\t\t\t<\/div>\n\t\t\t\t<div class=\"elementor-element elementor-element-8a1222a elementor-widget__width-inherit elementor-widget elementor-widget-heading\" data-id=\"8a1222a\" data-element_type=\"widget\" data-widget_type=\"heading.default\">\n\t\t\t\t<div class=\"elementor-widget-container\">\n\t\t\t\t\t<p class=\"elementor-heading-title elementor-size-default\">National Highway 132 Km 3.1<br> 31264 Aber\u00edn, Navarra, Spain<\/p>\t\t\t\t<\/div>\n\t\t\t\t<\/div>\n\t\t\t\t\t<\/div>\n\t\t<\/div>\n\t\t\t\t\t<\/div>\n\t\t<\/section>\n\t\t\t\t<div class=\"elementor-element elementor-element-7edea9b elementor-widget__width-auto elementor-absolute elementor-widget elementor-widget-image\" data-id=\"7edea9b\" data-element_type=\"widget\" data-settings=\"{&quot;_position&quot;:&quot;absolute&quot;}\" data-widget_type=\"image.default\">\n\t\t\t\t<div class=\"elementor-widget-container\">\n\t\t\t\t\t\t\t\t\t\t\t\t\t\t\t<img loading=\"lazy\" decoding=\"async\" width=\"146\" height=\"110\" src=\"https:\/\/staging.arinzano.com\/wp-content\/uploads\/2022\/12\/ilustracion_flowers_centro_contacto_arinzano@2x.png\" class=\"attachment-large size-large wp-image-8965\" alt=\"\" \/>\t\t\t\t\t\t\t\t\t\t\t\t\t\t\t<\/div>\n\t\t\t\t<\/div>\n\t\t\t\t<div class=\"elementor-element elementor-element-43efd6c elementor-widget__width-auto elementor-absolute elementor-widget elementor-widget-image\" data-id=\"43efd6c\" data-element_type=\"widget\" data-settings=\"{&quot;_position&quot;:&quot;absolute&quot;}\" data-widget_type=\"image.default\">\n\t\t\t\t<div class=\"elementor-widget-container\">\n\t\t\t\t\t\t\t\t\t\t\t\t\t\t\t<img loading=\"lazy\" decoding=\"async\" width=\"131\" height=\"360\" src=\"https:\/\/staging.arinzano.com\/wp-content\/uploads\/2022\/12\/ilustracion_flowers_izq_contacto_arinzano@2x.png\" class=\"attachment-large size-large wp-image-8969\" alt=\"\" \/>\t\t\t\t\t\t\t\t\t\t\t\t\t\t\t<\/div>\n\t\t\t\t<\/div>\n\t\t\t\t<div class=\"elementor-element elementor-element-9dab87b elementor-widget__width-auto elementor-absolute elementor-widget elementor-widget-image\" data-id=\"9dab87b\" data-element_type=\"widget\" data-settings=\"{&quot;_position&quot;:&quot;absolute&quot;}\" data-widget_type=\"image.default\">\n\t\t\t\t<div class=\"elementor-widget-container\">\n\t\t\t\t\t\t\t\t\t\t\t\t\t\t\t<img loading=\"lazy\" decoding=\"async\" width=\"105\" height=\"277\" src=\"https:\/\/staging.arinzano.com\/wp-content\/uploads\/2022\/12\/ilustracion_flowers_derc_contacto_arinzano@2x.png\" class=\"attachment-large size-large wp-image-8967\" alt=\"\" \/>\t\t\t\t\t\t\t\t\t\t\t\t\t\t\t<\/div>\n\t\t\t\t<\/div>\n\t\t\t\t<section class=\"elementor-section elementor-inner-section elementor-element elementor-element-415a8de elementor-section-full_width elementor-section-height-min-height elementor-section-height-default\" data-id=\"415a8de\" data-element_type=\"section\" id=\"bottom-degree\" data-settings=\"{&quot;background_background&quot;:&quot;gradient&quot;}\">\n\t\t\t\t\t\t<div class=\"elementor-container elementor-column-gap-default\">\n\t\t\t\t\t<div class=\"elementor-column elementor-col-100 elementor-inner-column elementor-element elementor-element-b2a12a7\" data-id=\"b2a12a7\" data-element_type=\"column\">\n\t\t\t<div class=\"elementor-widget-wrap\">\n\t\t\t\t\t\t\t<\/div>\n\t\t<\/div>\n\t\t\t\t\t<\/div>\n\t\t<\/section>\n\t\t\t\t<section class=\"elementor-section elementor-inner-section elementor-element elementor-element-c922053 elementor-section-full_width elementor-section-height-min-height elementor-section-height-default\" data-id=\"c922053\" data-element_type=\"section\" id=\"right-degree\" data-settings=\"{&quot;background_background&quot;:&quot;gradient&quot;}\">\n\t\t\t\t\t\t<div class=\"elementor-container elementor-column-gap-default\">\n\t\t\t\t\t<div class=\"elementor-column elementor-col-100 elementor-inner-column elementor-element elementor-element-b756fa3\" data-id=\"b756fa3\" data-element_type=\"column\">\n\t\t\t<div class=\"elementor-widget-wrap\">\n\t\t\t\t\t\t\t<\/div>\n\t\t<\/div>\n\t\t\t\t\t<\/div>\n\t\t<\/section>\n\t\t\t\t<section class=\"elementor-section elementor-inner-section elementor-element elementor-element-8a999f1 elementor-section-full_width elementor-section-height-min-height elementor-section-height-default\" data-id=\"8a999f1\" data-element_type=\"section\" id=\"left-degree\" data-settings=\"{&quot;background_background&quot;:&quot;gradient&quot;}\">\n\t\t\t\t\t\t<div class=\"elementor-container elementor-column-gap-default\">\n\t\t\t\t\t<div class=\"elementor-column elementor-col-100 elementor-inner-column elementor-element elementor-element-33ab646\" data-id=\"33ab646\" data-element_type=\"column\">\n\t\t\t<div class=\"elementor-widget-wrap\">\n\t\t\t\t\t\t\t<\/div>\n\t\t<\/div>\n\t\t\t\t\t<\/div>\n\t\t<\/section>\n\t\t\t\t\t<\/div>\n\t\t<\/div>\n\t\t\t\t\t<\/div>\n\t\t<\/section>\n\t\t\t\t<\/div>\n\t\t","protected":false},"excerpt":{"rendered":"<p>CONTACT MEDIA SOCIAL National Highway 132 Km 3.1 31264 Aber\u00edn, Navarra, Spain<\/p>\n","protected":false},"author":1,"featured_media":0,"parent":0,"menu_order":0,"comment_status":"closed","ping_status":"closed","template":"","meta":{"_acf_changed":false,"site-sidebar-layout":"no-sidebar","site-content-layout":"page-builder","ast-site-content-layout":"","site-content-style":"default","site-sidebar-style":"default","ast-global-header-display":"","ast-banner-title-visibility":"","ast-main-header-display":"","ast-hfb-above-header-display":"","ast-hfb-below-header-display":"","ast-hfb-mobile-header-display":"","site-post-title":"disabled","ast-breadcrumbs-content":"","ast-featured-img":"disabled","footer-sml-layout":"","theme-transparent-header-meta":"enabled","adv-header-id-meta":"","stick-header-meta":"","header-above-stick-meta":"","header-main-stick-meta":"","header-below-stick-meta":"","astra-migrate-meta-layouts":"default","ast-page-background-enabled":"default","ast-page-background-meta":{"desktop":{"background-color":"","background-image":"","background-repeat":"repeat","background-position":"center center","background-size":"auto","background-attachment":"scroll","background-type":"","background-media":"","overlay-type":"","overlay-color":"","overlay-opacity":"","overlay-gradient":""},"tablet":{"background-color":"","background-image":"","background-repeat":"repeat","background-position":"center center","background-size":"auto","background-attachment":"scroll","background-type":"","background-media":"","overlay-type":"","overlay-color":"","overlay-opacity":"","overlay-gradient":""},"mobile":{"background-color":"","background-image":"","background-repeat":"repeat","background-position":"center center","background-size":"auto","background-attachment":"scroll","background-type":"","background-media":"","overlay-type":"","overlay-color":"","overlay-opacity":"","overlay-gradient":""}},"ast-content-background-meta":{"desktop":{"background-color":"var(--ast-global-color-5)","background-image":"","background-repeat":"repeat","background-position":"center center","background-size":"auto","background-attachment":"scroll","background-type":"","background-media":"","overlay-type":"","overlay-color":"","overlay-opacity":"","overlay-gradient":""},"tablet":{"background-color":"var(--ast-global-color-5)","background-image":"","background-repeat":"repeat","background-position":"center center","background-size":"auto","background-attachment":"scroll","background-type":"","background-media":"","overlay-type":"","overlay-color":"","overlay-opacity":"","overlay-gradient":""},"mobile":{"background-color":"var(--ast-global-color-5)","background-image":"","background-repeat":"repeat","background-position":"center center","background-size":"auto","background-attachment":"scroll","background-type":"","background-media":"","overlay-type":"","overlay-color":"","overlay-opacity":"","overlay-gradient":""}},"footnotes":""},"class_list":["post-10380","page","type-page","status-publish","hentry"],"acf":[],"yoast_head":"<!-- This site is optimized with the Yoast SEO plugin v25.1 - https:\/\/yoast.com\/wordpress\/plugins\/seo\/ -->\n<title>Contact Us - Arinzano<\/title>\n<meta name=\"robots\" content=\"noindex, follow, max-snippet:-1, max-image-preview:large, max-video-preview:-1\" \/>\n<meta property=\"og:locale\" content=\"en_US\" \/>\n<meta property=\"og:type\" content=\"article\" \/>\n<meta property=\"og:title\" content=\"Contact Us - Arinzano\" \/>\n<meta property=\"og:description\" content=\"CONTACT MEDIA SOCIAL National Highway 132 Km 3.1 31264 Aber\u00edn, Navarra, Spain\" \/>\n<meta property=\"og:url\" content=\"https:\/\/staging.arinzano.com\/en\/contact-us\/\" \/>\n<meta property=\"og:site_name\" content=\"Arinzano\" \/>\n<meta property=\"article:publisher\" content=\"https:\/\/www.facebook.com\/arinzano1055\" \/>\n<meta property=\"article:modified_time\" content=\"2023-01-04T13:47:04+00:00\" \/>\n<meta property=\"og:image\" content=\"https:\/\/staging.arinzano.com\/wp-content\/uploads\/2022\/10\/icon_facebook_footer_arinzano.png\" \/>\n<meta name=\"twitter:card\" content=\"summary_large_image\" \/>\n<script type=\"application\/ld+json\" class=\"yoast-schema-graph\">{\"@context\":\"https:\/\/schema.org\",\"@graph\":[{\"@type\":\"WebPage\",\"@id\":\"https:\/\/staging.arinzano.com\/en\/contact-us\/\",\"url\":\"https:\/\/staging.arinzano.com\/en\/contact-us\/\",\"name\":\"Contact Us - Arinzano\",\"isPartOf\":{\"@id\":\"https:\/\/staging.arinzano.com\/en\/#website\"},\"primaryImageOfPage\":{\"@id\":\"https:\/\/staging.arinzano.com\/en\/contact-us\/#primaryimage\"},\"image\":{\"@id\":\"https:\/\/staging.arinzano.com\/en\/contact-us\/#primaryimage\"},\"thumbnailUrl\":\"https:\/\/staging.arinzano.com\/wp-content\/uploads\/2022\/10\/icon_facebook_footer_arinzano.png\",\"datePublished\":\"2017-12-21T12:00:47+00:00\",\"dateModified\":\"2023-01-04T13:47:04+00:00\",\"breadcrumb\":{\"@id\":\"https:\/\/staging.arinzano.com\/en\/contact-us\/#breadcrumb\"},\"inLanguage\":\"en-US\",\"potentialAction\":[{\"@type\":\"ReadAction\",\"target\":[\"https:\/\/staging.arinzano.com\/en\/contact-us\/\"]}]},{\"@type\":\"ImageObject\",\"inLanguage\":\"en-US\",\"@id\":\"https:\/\/staging.arinzano.com\/en\/contact-us\/#primaryimage\",\"url\":\"https:\/\/staging.arinzano.com\/wp-content\/uploads\/2022\/10\/icon_facebook_footer_arinzano.png\",\"contentUrl\":\"https:\/\/staging.arinzano.com\/wp-content\/uploads\/2022\/10\/icon_facebook_footer_arinzano.png\"},{\"@type\":\"BreadcrumbList\",\"@id\":\"https:\/\/staging.arinzano.com\/en\/contact-us\/#breadcrumb\",\"itemListElement\":[{\"@type\":\"ListItem\",\"position\":1,\"name\":\"Home\",\"item\":\"https:\/\/staging.arinzano.com\/en\/\"},{\"@type\":\"ListItem\",\"position\":2,\"name\":\"Contact Us\"}]},{\"@type\":\"WebSite\",\"@id\":\"https:\/\/staging.arinzano.com\/en\/#website\",\"url\":\"https:\/\/staging.arinzano.com\/en\/\",\"name\":\"Arinzano\",\"description\":\"La denominaci\u00f3n de vino de pago es la m\u00e1xima categor\u00eda que puede obtener un vino en Espa\u00f1a.\",\"publisher\":{\"@id\":\"https:\/\/staging.arinzano.com\/en\/#organization\"},\"potentialAction\":[{\"@type\":\"SearchAction\",\"target\":{\"@type\":\"EntryPoint\",\"urlTemplate\":\"https:\/\/staging.arinzano.com\/en\/?s={search_term_string}\"},\"query-input\":{\"@type\":\"PropertyValueSpecification\",\"valueRequired\":true,\"valueName\":\"search_term_string\"}}],\"inLanguage\":\"en-US\"},{\"@type\":\"Organization\",\"@id\":\"https:\/\/staging.arinzano.com\/en\/#organization\",\"name\":\"Arinzano\",\"url\":\"https:\/\/staging.arinzano.com\/en\/\",\"logo\":{\"@type\":\"ImageObject\",\"inLanguage\":\"en-US\",\"@id\":\"https:\/\/staging.arinzano.com\/en\/#\/schema\/logo\/image\/\",\"url\":\"https:\/\/mendozacreativa.com\/wp-content\/uploads\/2022\/12\/logo.png\",\"contentUrl\":\"https:\/\/mendozacreativa.com\/wp-content\/uploads\/2022\/12\/logo.png\",\"width\":502,\"height\":460,\"caption\":\"Arinzano\"},\"image\":{\"@id\":\"https:\/\/staging.arinzano.com\/en\/#\/schema\/logo\/image\/\"},\"sameAs\":[\"https:\/\/www.facebook.com\/arinzano1055\"]}]}<\/script>\n<!-- \/ Yoast SEO plugin. -->","yoast_head_json":{"title":"Contact Us - Arinzano","robots":{"index":"noindex","follow":"follow","max-snippet":"max-snippet:-1","max-image-preview":"max-image-preview:large","max-video-preview":"max-video-preview:-1"},"og_locale":"en_US","og_type":"article","og_title":"Contact Us - Arinzano","og_description":"CONTACT MEDIA SOCIAL National Highway 132 Km 3.1 31264 Aber\u00edn, Navarra, Spain","og_url":"https:\/\/staging.arinzano.com\/en\/contact-us\/","og_site_name":"Arinzano","article_publisher":"https:\/\/www.facebook.com\/arinzano1055","article_modified_time":"2023-01-04T13:47:04+00:00","og_image":[{"url":"https:\/\/staging.arinzano.com\/wp-content\/uploads\/2022\/10\/icon_facebook_footer_arinzano.png","type":"","width":"","height":""}],"twitter_card":"summary_large_image","schema":{"@context":"https:\/\/schema.org","@graph":[{"@type":"WebPage","@id":"https:\/\/staging.arinzano.com\/en\/contact-us\/","url":"https:\/\/staging.arinzano.com\/en\/contact-us\/","name":"Contact Us - Arinzano","isPartOf":{"@id":"https:\/\/staging.arinzano.com\/en\/#website"},"primaryImageOfPage":{"@id":"https:\/\/staging.arinzano.com\/en\/contact-us\/#primaryimage"},"image":{"@id":"https:\/\/staging.arinzano.com\/en\/contact-us\/#primaryimage"},"thumbnailUrl":"https:\/\/staging.arinzano.com\/wp-content\/uploads\/2022\/10\/icon_facebook_footer_arinzano.png","datePublished":"2017-12-21T12:00:47+00:00","dateModified":"2023-01-04T13:47:04+00:00","breadcrumb":{"@id":"https:\/\/staging.arinzano.com\/en\/contact-us\/#breadcrumb"},"inLanguage":"en-US","potentialAction":[{"@type":"ReadAction","target":["https:\/\/staging.arinzano.com\/en\/contact-us\/"]}]},{"@type":"ImageObject","inLanguage":"en-US","@id":"https:\/\/staging.arinzano.com\/en\/contact-us\/#primaryimage","url":"https:\/\/staging.arinzano.com\/wp-content\/uploads\/2022\/10\/icon_facebook_footer_arinzano.png","contentUrl":"https:\/\/staging.arinzano.com\/wp-content\/uploads\/2022\/10\/icon_facebook_footer_arinzano.png"},{"@type":"BreadcrumbList","@id":"https:\/\/staging.arinzano.com\/en\/contact-us\/#breadcrumb","itemListElement":[{"@type":"ListItem","position":1,"name":"Home","item":"https:\/\/staging.arinzano.com\/en\/"},{"@type":"ListItem","position":2,"name":"Contact Us"}]},{"@type":"WebSite","@id":"https:\/\/staging.arinzano.com\/en\/#website","url":"https:\/\/staging.arinzano.com\/en\/","name":"Arinzano","description":"La denominaci\u00f3n de vino de pago es la m\u00e1xima categor\u00eda que puede obtener un vino en Espa\u00f1a.","publisher":{"@id":"https:\/\/staging.arinzano.com\/en\/#organization"},"potentialAction":[{"@type":"SearchAction","target":{"@type":"EntryPoint","urlTemplate":"https:\/\/staging.arinzano.com\/en\/?s={search_term_string}"},"query-input":{"@type":"PropertyValueSpecification","valueRequired":true,"valueName":"search_term_string"}}],"inLanguage":"en-US"},{"@type":"Organization","@id":"https:\/\/staging.arinzano.com\/en\/#organization","name":"Arinzano","url":"https:\/\/staging.arinzano.com\/en\/","logo":{"@type":"ImageObject","inLanguage":"en-US","@id":"https:\/\/staging.arinzano.com\/en\/#\/schema\/logo\/image\/","url":"https:\/\/mendozacreativa.com\/wp-content\/uploads\/2022\/12\/logo.png","contentUrl":"https:\/\/mendozacreativa.com\/wp-content\/uploads\/2022\/12\/logo.png","width":502,"height":460,"caption":"Arinzano"},"image":{"@id":"https:\/\/staging.arinzano.com\/en\/#\/schema\/logo\/image\/"},"sameAs":["https:\/\/www.facebook.com\/arinzano1055"]}]}},"_links":{"self":[{"href":"https:\/\/staging.arinzano.com\/en\/wp-json\/wp\/v2\/pages\/10380","targetHints":{"allow":["GET"]}}],"collection":[{"href":"https:\/\/staging.arinzano.com\/en\/wp-json\/wp\/v2\/pages"}],"about":[{"href":"https:\/\/staging.arinzano.com\/en\/wp-json\/wp\/v2\/types\/page"}],"author":[{"embeddable":true,"href":"https:\/\/staging.arinzano.com\/en\/wp-json\/wp\/v2\/users\/1"}],"replies":[{"embeddable":true,"href":"https:\/\/staging.arinzano.com\/en\/wp-json\/wp\/v2\/comments?post=10380"}],"version-history":[{"count":0,"href":"https:\/\/staging.arinzano.com\/en\/wp-json\/wp\/v2\/pages\/10380\/revisions"}],"wp:attachment":[{"href":"https:\/\/staging.arinzano.com\/en\/wp-json\/wp\/v2\/media?parent=10380"}],"curies":[{"name":"wp","href":"https:\/\/api.w.org\/{rel}","templated":true}]}}