{"id":11242,"date":"2023-01-03T10:18:46","date_gmt":"2023-01-03T13:18:46","guid":{"rendered":"https:\/\/staging.arinzano.com\/termis-and-conditions\/"},"modified":"2023-02-10T09:58:19","modified_gmt":"2023-02-10T12:58:19","slug":"termis-and-conditions","status":"publish","type":"page","link":"https:\/\/staging.arinzano.com\/en\/termis-and-conditions\/","title":{"rendered":"Terms and Conditions"},"content":{"rendered":"\t\t<div data-elementor-type=\"wp-page\" data-elementor-id=\"11242\" class=\"elementor elementor-11242 elementor-10520\" data-elementor-post-type=\"page\">\n\t\t\t\t\t\t<section class=\"elementor-section elementor-top-section elementor-element elementor-element-611492a elementor-section-boxed elementor-section-height-default elementor-section-height-default\" data-id=\"611492a\" data-element_type=\"section\">\n\t\t\t\t\t\t<div class=\"elementor-container elementor-column-gap-default\">\n\t\t\t\t\t<div class=\"elementor-column elementor-col-100 elementor-top-column elementor-element elementor-element-5d372d5\" data-id=\"5d372d5\" data-element_type=\"column\">\n\t\t\t<div class=\"elementor-widget-wrap elementor-element-populated\">\n\t\t\t\t\t\t<div class=\"elementor-element elementor-element-c186ecb gs_reveal elementor-widget elementor-widget-heading\" data-id=\"c186ecb\" data-element_type=\"widget\" id=\"title-gradient\" data-widget_type=\"heading.default\">\n\t\t\t\t<div class=\"elementor-widget-container\">\n\t\t\t\t\t<h2 class=\"elementor-heading-title elementor-size-default\">RETURN OF PRODUCTS<\/h2>\t\t\t\t<\/div>\n\t\t\t\t<\/div>\n\t\t\t\t<div class=\"elementor-element elementor-element-0ce9ae1 gs_reveal elementor-widget elementor-widget-text-editor\" data-id=\"0ce9ae1\" data-element_type=\"widget\" data-widget_type=\"text-editor.default\">\n\t\t\t\t<div class=\"elementor-widget-container\">\n\t\t\t\t\t\t\t\t\t(i) Right of withdrawal\n<br><br>\nThe User will have a maximum period of fourteen (14) calendar days from the delivery of the product to withdraw, totally or partially, from the purchase of the product, in accordance with the applicable legislation.\n<br><br>\nOnce the period of fourteen (14) calendar days has ended, Ar\u00ednzano will not accept returns for withdrawal of product purchases.\n<br><br>\nIn the event of desisting from the purchase of a product, the User must contact Ar\u00ednzano by sending an email to info@arinzano.com. In any case, in the event of withdrawing from the purchase, the following requirements must be met:\n<br><br>\n1) The product must be in the same condition in which it was delivered and must keep its original packaging and labelling.\n<br><br>\n \n\n2) The return to Ar\u00ednzano must be made using the same box or envelope used in the delivery or, failing that, in a similar format that guarantees the return of the products in perfect condition.\n\n <br><br>\n\n3) A copy of the proof of purchase and the delivery note of the products must be included in the package, which also indicates the returned products and the reason for the return.\n\n <br><br>\n\nReturns of orders must be sent to the address of PROPIEDAD DE AR\u00cdNZANO, Ctra. NA-132, Km 3.1, Aberin, 31264. The User will assume the return shipping costs in case of exercising the right of withdrawal.\t\t\t\t\t\t\t\t<\/div>\n\t\t\t\t<\/div>\n\t\t\t\t<div class=\"elementor-element elementor-element-ad6d256 gs_reveal elementor-widget elementor-widget-text-editor\" data-id=\"ad6d256\" data-element_type=\"widget\" data-widget_type=\"text-editor.default\">\n\t\t\t\t<div class=\"elementor-widget-container\">\n\t\t\t\t\t\t\t\t\t(ii) Return of defective products\n\n<br><br>\nWithout prejudice to any other rights that may apply, the User will be entitled to a refund of the price of defective products or products delivered if they do not correspond to the order placed by the User. Alternatively to the above, the User will have the right to claim, and have an equal product delivered, in perfect condition.\n\n<br><br>\nIn the event of return of defective products or products that do not correspond to your order to Ar\u00ednzano, this must be done by the User through the procedure established in section (i) above, although the User, in this case will have to bear the costs of returning said products.\n\n<br><br>\nProvided that the User has followed the procedure established in section (i) above and the requirements established in this section have been met, Ar\u00ednzano will reimburse the price paid corresponding to the returned products that are defective or that do not correspond to the order. of products made by the User, in accordance with the provisions of section (iii) below.\t\t\t\t\t\t\t\t<\/div>\n\t\t\t\t<\/div>\n\t\t\t\t<div class=\"elementor-element elementor-element-54c52a2 gs_reveal elementor-widget elementor-widget-text-editor\" data-id=\"54c52a2\" data-element_type=\"widget\" data-widget_type=\"text-editor.default\">\n\t\t\t\t<div class=\"elementor-widget-container\">\n\t\t\t\t\t\t\t\t\t\n(iii) Reimbursement of the price of the products to the User\n\n<br><br>\nProvided that the User has followed the procedure established in this section and the requirements established therein have been met, Ar\u00ednzano will reimburse the price paid by the User corresponding to the returned products. In the event that the return is made in exercise of the right of withdrawal of the User described in section (i) Ar\u00ednzano will not pay or face the expenses and \/ or return costs.\n\n<br><br>\nThe User will not be entitled to a refund of the price of returned products that are not in the same condition in which they were delivered, or the requirements established in these General Conditions have not been met.\n\n<br><br>\nPartial returns of an order will give rise to a refund of the price corresponding to the product or products actually returned.\n\n<br><br>\nAr\u00ednzano will manage the order to return the price through the same payment system used by the User for the acquisition of the products, within a period of thirty (30) days from the collection of the returned order and once Ar\u00ednzano has verified that the products subject to return meet the requirements established in sections (i) and (ii) above. TERMS AND CONDITIONS\t\t\t\t\t\t\t\t<\/div>\n\t\t\t\t<\/div>\n\t\t\t\t\t<\/div>\n\t\t<\/div>\n\t\t\t\t\t<\/div>\n\t\t<\/section>\n\t\t\t\t<\/div>\n\t\t","protected":false},"excerpt":{"rendered":"<p>RETURN OF PRODUCTS (i) Right of withdrawal The User will have a maximum period of fourteen (14) calendar days from the delivery of the product to withdraw, totally or partially, from the purchase of the product, in accordance with the applicable legislation. Once the period of fourteen (14) calendar days has ended, Ar\u00ednzano will not [&hellip;]<\/p>\n","protected":false},"author":1,"featured_media":0,"parent":0,"menu_order":0,"comment_status":"closed","ping_status":"closed","template":"","meta":{"_acf_changed":false,"site-sidebar-layout":"no-sidebar","site-content-layout":"page-builder","ast-site-content-layout":"","site-content-style":"default","site-sidebar-style":"default","ast-global-header-display":"","ast-banner-title-visibility":"","ast-main-header-display":"","ast-hfb-above-header-display":"","ast-hfb-below-header-display":"","ast-hfb-mobile-header-display":"","site-post-title":"disabled","ast-breadcrumbs-content":"","ast-featured-img":"disabled","footer-sml-layout":"","theme-transparent-header-meta":"","adv-header-id-meta":"","stick-header-meta":"","header-above-stick-meta":"","header-main-stick-meta":"","header-below-stick-meta":"","astra-migrate-meta-layouts":"default","ast-page-background-enabled":"default","ast-page-background-meta":{"desktop":{"background-color":"","background-image":"","background-repeat":"repeat","background-position":"center center","background-size":"auto","background-attachment":"scroll","background-type":"","background-media":"","overlay-type":"","overlay-color":"","overlay-opacity":"","overlay-gradient":""},"tablet":{"background-color":"","background-image":"","background-repeat":"repeat","background-position":"center center","background-size":"auto","background-attachment":"scroll","background-type":"","background-media":"","overlay-type":"","overlay-color":"","overlay-opacity":"","overlay-gradient":""},"mobile":{"background-color":"","background-image":"","background-repeat":"repeat","background-position":"center center","background-size":"auto","background-attachment":"scroll","background-type":"","background-media":"","overlay-type":"","overlay-color":"","overlay-opacity":"","overlay-gradient":""}},"ast-content-background-meta":{"desktop":{"background-color":"var(--ast-global-color-5)","background-image":"","background-repeat":"repeat","background-position":"center center","background-size":"auto","background-attachment":"scroll","background-type":"","background-media":"","overlay-type":"","overlay-color":"","overlay-opacity":"","overlay-gradient":""},"tablet":{"background-color":"var(--ast-global-color-5)","background-image":"","background-repeat":"repeat","background-position":"center center","background-size":"auto","background-attachment":"scroll","background-type":"","background-media":"","overlay-type":"","overlay-color":"","overlay-opacity":"","overlay-gradient":""},"mobile":{"background-color":"var(--ast-global-color-5)","background-image":"","background-repeat":"repeat","background-position":"center center","background-size":"auto","background-attachment":"scroll","background-type":"","background-media":"","overlay-type":"","overlay-color":"","overlay-opacity":"","overlay-gradient":""}},"footnotes":""},"class_list":["post-11242","page","type-page","status-publish","hentry"],"acf":[],"yoast_head":"<!-- This site is optimized with the Yoast SEO plugin v25.1 - https:\/\/yoast.com\/wordpress\/plugins\/seo\/ -->\n<title>Terms and Conditions - Arinzano<\/title>\n<meta name=\"robots\" content=\"noindex, follow, max-snippet:-1, max-image-preview:large, max-video-preview:-1\" \/>\n<meta property=\"og:locale\" content=\"en_US\" \/>\n<meta property=\"og:type\" content=\"article\" \/>\n<meta property=\"og:title\" content=\"Terms and Conditions - Arinzano\" \/>\n<meta property=\"og:description\" content=\"RETURN OF PRODUCTS (i) Right of withdrawal The User will have a maximum period of fourteen (14) calendar days from the delivery of the product to withdraw, totally or partially, from the purchase of the product, in accordance with the applicable legislation. Once the period of fourteen (14) calendar days has ended, Ar\u00ednzano will not [&hellip;]\" \/>\n<meta property=\"og:url\" content=\"https:\/\/staging.arinzano.com\/en\/termis-and-conditions\/\" \/>\n<meta property=\"og:site_name\" content=\"Arinzano\" \/>\n<meta property=\"article:publisher\" content=\"https:\/\/www.facebook.com\/arinzano1055\" \/>\n<meta property=\"article:modified_time\" content=\"2023-02-10T12:58:19+00:00\" \/>\n<meta name=\"twitter:card\" content=\"summary_large_image\" \/>\n<meta name=\"twitter:label1\" content=\"Est. reading time\" \/>\n\t<meta name=\"twitter:data1\" content=\"3 minutes\" \/>\n<script type=\"application\/ld+json\" class=\"yoast-schema-graph\">{\"@context\":\"https:\/\/schema.org\",\"@graph\":[{\"@type\":\"WebPage\",\"@id\":\"https:\/\/staging.arinzano.com\/en\/termis-and-conditions\/\",\"url\":\"https:\/\/staging.arinzano.com\/en\/termis-and-conditions\/\",\"name\":\"Terms and Conditions - Arinzano\",\"isPartOf\":{\"@id\":\"https:\/\/staging.arinzano.com\/en\/#website\"},\"datePublished\":\"2023-01-03T13:18:46+00:00\",\"dateModified\":\"2023-02-10T12:58:19+00:00\",\"breadcrumb\":{\"@id\":\"https:\/\/staging.arinzano.com\/en\/termis-and-conditions\/#breadcrumb\"},\"inLanguage\":\"en-US\",\"potentialAction\":[{\"@type\":\"ReadAction\",\"target\":[\"https:\/\/staging.arinzano.com\/en\/termis-and-conditions\/\"]}]},{\"@type\":\"BreadcrumbList\",\"@id\":\"https:\/\/staging.arinzano.com\/en\/termis-and-conditions\/#breadcrumb\",\"itemListElement\":[{\"@type\":\"ListItem\",\"position\":1,\"name\":\"Home\",\"item\":\"https:\/\/staging.arinzano.com\/en\/\"},{\"@type\":\"ListItem\",\"position\":2,\"name\":\"Terms and Conditions\"}]},{\"@type\":\"WebSite\",\"@id\":\"https:\/\/staging.arinzano.com\/en\/#website\",\"url\":\"https:\/\/staging.arinzano.com\/en\/\",\"name\":\"Arinzano\",\"description\":\"La denominaci\u00f3n de vino de pago es la m\u00e1xima categor\u00eda que puede obtener un vino en Espa\u00f1a.\",\"publisher\":{\"@id\":\"https:\/\/staging.arinzano.com\/en\/#organization\"},\"potentialAction\":[{\"@type\":\"SearchAction\",\"target\":{\"@type\":\"EntryPoint\",\"urlTemplate\":\"https:\/\/staging.arinzano.com\/en\/?s={search_term_string}\"},\"query-input\":{\"@type\":\"PropertyValueSpecification\",\"valueRequired\":true,\"valueName\":\"search_term_string\"}}],\"inLanguage\":\"en-US\"},{\"@type\":\"Organization\",\"@id\":\"https:\/\/staging.arinzano.com\/en\/#organization\",\"name\":\"Arinzano\",\"url\":\"https:\/\/staging.arinzano.com\/en\/\",\"logo\":{\"@type\":\"ImageObject\",\"inLanguage\":\"en-US\",\"@id\":\"https:\/\/staging.arinzano.com\/en\/#\/schema\/logo\/image\/\",\"url\":\"https:\/\/mendozacreativa.com\/wp-content\/uploads\/2022\/12\/logo.png\",\"contentUrl\":\"https:\/\/mendozacreativa.com\/wp-content\/uploads\/2022\/12\/logo.png\",\"width\":502,\"height\":460,\"caption\":\"Arinzano\"},\"image\":{\"@id\":\"https:\/\/staging.arinzano.com\/en\/#\/schema\/logo\/image\/\"},\"sameAs\":[\"https:\/\/www.facebook.com\/arinzano1055\"]}]}<\/script>\n<!-- \/ Yoast SEO plugin. -->","yoast_head_json":{"title":"Terms and Conditions - Arinzano","robots":{"index":"noindex","follow":"follow","max-snippet":"max-snippet:-1","max-image-preview":"max-image-preview:large","max-video-preview":"max-video-preview:-1"},"og_locale":"en_US","og_type":"article","og_title":"Terms and Conditions - Arinzano","og_description":"RETURN OF PRODUCTS (i) Right of withdrawal The User will have a maximum period of fourteen (14) calendar days from the delivery of the product to withdraw, totally or partially, from the purchase of the product, in accordance with the applicable legislation. Once the period of fourteen (14) calendar days has ended, Ar\u00ednzano will not [&hellip;]","og_url":"https:\/\/staging.arinzano.com\/en\/termis-and-conditions\/","og_site_name":"Arinzano","article_publisher":"https:\/\/www.facebook.com\/arinzano1055","article_modified_time":"2023-02-10T12:58:19+00:00","twitter_card":"summary_large_image","twitter_misc":{"Est. reading time":"3 minutes"},"schema":{"@context":"https:\/\/schema.org","@graph":[{"@type":"WebPage","@id":"https:\/\/staging.arinzano.com\/en\/termis-and-conditions\/","url":"https:\/\/staging.arinzano.com\/en\/termis-and-conditions\/","name":"Terms and Conditions - Arinzano","isPartOf":{"@id":"https:\/\/staging.arinzano.com\/en\/#website"},"datePublished":"2023-01-03T13:18:46+00:00","dateModified":"2023-02-10T12:58:19+00:00","breadcrumb":{"@id":"https:\/\/staging.arinzano.com\/en\/termis-and-conditions\/#breadcrumb"},"inLanguage":"en-US","potentialAction":[{"@type":"ReadAction","target":["https:\/\/staging.arinzano.com\/en\/termis-and-conditions\/"]}]},{"@type":"BreadcrumbList","@id":"https:\/\/staging.arinzano.com\/en\/termis-and-conditions\/#breadcrumb","itemListElement":[{"@type":"ListItem","position":1,"name":"Home","item":"https:\/\/staging.arinzano.com\/en\/"},{"@type":"ListItem","position":2,"name":"Terms and Conditions"}]},{"@type":"WebSite","@id":"https:\/\/staging.arinzano.com\/en\/#website","url":"https:\/\/staging.arinzano.com\/en\/","name":"Arinzano","description":"La denominaci\u00f3n de vino de pago es la m\u00e1xima categor\u00eda que puede obtener un vino en Espa\u00f1a.","publisher":{"@id":"https:\/\/staging.arinzano.com\/en\/#organization"},"potentialAction":[{"@type":"SearchAction","target":{"@type":"EntryPoint","urlTemplate":"https:\/\/staging.arinzano.com\/en\/?s={search_term_string}"},"query-input":{"@type":"PropertyValueSpecification","valueRequired":true,"valueName":"search_term_string"}}],"inLanguage":"en-US"},{"@type":"Organization","@id":"https:\/\/staging.arinzano.com\/en\/#organization","name":"Arinzano","url":"https:\/\/staging.arinzano.com\/en\/","logo":{"@type":"ImageObject","inLanguage":"en-US","@id":"https:\/\/staging.arinzano.com\/en\/#\/schema\/logo\/image\/","url":"https:\/\/mendozacreativa.com\/wp-content\/uploads\/2022\/12\/logo.png","contentUrl":"https:\/\/mendozacreativa.com\/wp-content\/uploads\/2022\/12\/logo.png","width":502,"height":460,"caption":"Arinzano"},"image":{"@id":"https:\/\/staging.arinzano.com\/en\/#\/schema\/logo\/image\/"},"sameAs":["https:\/\/www.facebook.com\/arinzano1055"]}]}},"_links":{"self":[{"href":"https:\/\/staging.arinzano.com\/en\/wp-json\/wp\/v2\/pages\/11242","targetHints":{"allow":["GET"]}}],"collection":[{"href":"https:\/\/staging.arinzano.com\/en\/wp-json\/wp\/v2\/pages"}],"about":[{"href":"https:\/\/staging.arinzano.com\/en\/wp-json\/wp\/v2\/types\/page"}],"author":[{"embeddable":true,"href":"https:\/\/staging.arinzano.com\/en\/wp-json\/wp\/v2\/users\/1"}],"replies":[{"embeddable":true,"href":"https:\/\/staging.arinzano.com\/en\/wp-json\/wp\/v2\/comments?post=11242"}],"version-history":[{"count":2,"href":"https:\/\/staging.arinzano.com\/en\/wp-json\/wp\/v2\/pages\/11242\/revisions"}],"predecessor-version":[{"id":11247,"href":"https:\/\/staging.arinzano.com\/en\/wp-json\/wp\/v2\/pages\/11242\/revisions\/11247"}],"wp:attachment":[{"href":"https:\/\/staging.arinzano.com\/en\/wp-json\/wp\/v2\/media?parent=11242"}],"curies":[{"name":"wp","href":"https:\/\/api.w.org\/{rel}","templated":true}]}}