{"id":8757,"date":"2017-12-17T06:31:19","date_gmt":"2017-12-17T09:31:19","guid":{"rendered":"https:\/\/staging.arinzano.com\/home-2\/"},"modified":"2023-02-09T12:13:13","modified_gmt":"2023-02-09T15:13:13","slug":"home","status":"publish","type":"page","link":"https:\/\/staging.arinzano.com\/en\/home\/","title":{"rendered":"Home"},"content":{"rendered":"<p><img loading=\"lazy\" decoding=\"async\" width=\"390\" height=\"601\" src=\"https:\/\/staging.arinzano.com\/wp-content\/uploads\/2022\/12\/slideh_ome_arinzano.jpg\" alt=\"\" loading=\"lazy\" \/>\t\t\t\t\t\t\t\t\t\t\t\t\t\t\t<\/p>\n<h6>DISCOVER<\/h6>\n<p>\t\t\t\t\t\t\t\t\t\t\t\t\t\t\t\t<a href=\"#home-inicio\"><br \/>\n\t\t\t\t\t\t\t<img loading=\"lazy\" decoding=\"async\" width=\"56\" height=\"112\" src=\"https:\/\/staging.arinzano.com\/wp-content\/uploads\/2022\/12\/icon_flecha_inicio@2x.png\" alt=\"\" loading=\"lazy\" \/>\t\t\t\t\t\t\t\t<\/a><\/p>\n<h1>AR\u00cdNZANO,<br \/>\n<br \/> A THOUSAND YEARS OF MYSTERY<\/h1>\n<h1>A THOUSAND YEARS <br \/>OF MYSTERY<\/h1>\n<p>For almost 1000 years, Ar\u00ednzano has cultivated the mystery of Time and Nature. Located in an incomparable valley, magnified by its microclimates, stone, earth and water give rise to an exceptional terroir favourable to the singular expression of three very special varieties of wine. The estate has been successively owned by monks, lords and wine-producing families, with a constant link to wine. Today, in the center of this magnificent valley crossed by the Ega River and the Cierzo wind, Ar\u00ednzano reveals wines that preserve the strength and grace of Time and Earth. <\/p>\n<p>\t\t\t<a href=\"\/en\/historia\/#section-history\" role=\"button\"><br \/>\n\t\t\t\t<svg xmlns=\"http:\/\/www.w3.org\/2000\/svg\" width=\"55.749\" height=\"28\" viewBox=\"0 0 55.749 28\"><g id=\"flecha_abajo_arinzano\" transform=\"translate(0 28) rotate(-90)\"><g id=\"Elipse_9\" data-name=\"Elipse 9\" transform=\"translate(0 27.749)\" fill=\"none\" stroke=\"#fff\" stroke-width=\"1\"><circle cx=\"14\" cy=\"14\" r=\"14\" stroke=\"none\"><\/circle><circle cx=\"14\" cy=\"14\" r=\"13.5\" fill=\"none\"><\/circle><\/g><g id=\"Grupo_7\" data-name=\"Grupo 7\" transform=\"translate(-669 -680.251)\"><path id=\"Trazado_899\" data-name=\"Trazado 899\" d=\"M193,1.7V-45.062\" transform=\"translate(490 725.314)\" fill=\"none\" stroke=\"#fff\" stroke-width=\"1\"><\/path><path id=\"Trazado_900\" data-name=\"Trazado 900\" d=\"M186.357,9.278l6.454,5.013,6.68-5.013\" transform=\"translate(490 712.722)\" fill=\"none\" stroke=\"#fff\" stroke-width=\"1\"><\/path><\/g><\/g><\/svg><br \/>\n\t\t\t\t\t\tSEE MORE<br \/>\n\t\t\t\t\t<\/a><br \/>\n\t\t\t<a href=\"\/en\/historia\/#section-history\" role=\"button\"><br \/>\n\t\t\t\t\t\tSEE MORE<br \/>\n\t\t\t\t\t<\/a><br \/>\n\t\t\t\t\t\t\t\t\t\t\t\t\t\t\t<img loading=\"lazy\" decoding=\"async\" width=\"102\" height=\"87\" src=\"https:\/\/staging.arinzano.com\/wp-content\/uploads\/2022\/12\/ilustracion_vulture__vinos_arinzano.png\" alt=\"\" loading=\"lazy\" \/>\t\t\t\t\t\t\t\t\t\t\t\t\t\t\t<\/p>\n<h1>TERROIR<\/h1>\n<p>Ar\u00ednzano is above all a magnificently wild and vibrant landscape, an oasis in an otherwise arid environment which occupies 350 hectares, with only a third dedicated to vines. This thousand-year-old glacial valley collects a current of fresh air from the Atlantic that crosses the last massifs of the Sierra Urbasa to rush down the river, towards the slopes of the vineyards. In this vast amphitheatre, the combined energies of the Cierzo wind and the Ega river give each plot a particular inflection. Earth, stone and water give the area its power, energy and emotion.<\/p>\n<p>\t\t\t<a href=\"\/en\/terroir\/#terroir-inicio\" role=\"button\"><br \/>\n\t\t\t\t\t\tSEE MORE<br \/>\n\t\t\t\t\t<\/a><br \/>\n\t\t\t<a href=\"\/en\/terroir\/#terroir-inicio\" role=\"button\"><br \/>\n\t\t\t\t<svg xmlns=\"http:\/\/www.w3.org\/2000\/svg\" width=\"55.749\" height=\"28\" viewBox=\"0 0 55.749 28\"><g id=\"flecha_abajo_arinzano\" transform=\"translate(0 28) rotate(-90)\"><g id=\"Elipse_9\" data-name=\"Elipse 9\" transform=\"translate(0 27.749)\" fill=\"none\" stroke=\"#fff\" stroke-width=\"1\"><circle cx=\"14\" cy=\"14\" r=\"14\" stroke=\"none\"><\/circle><circle cx=\"14\" cy=\"14\" r=\"13.5\" fill=\"none\"><\/circle><\/g><g id=\"Grupo_7\" data-name=\"Grupo 7\" transform=\"translate(-669 -680.251)\"><path id=\"Trazado_899\" data-name=\"Trazado 899\" d=\"M193,1.7V-45.062\" transform=\"translate(490 725.314)\" fill=\"none\" stroke=\"#fff\" stroke-width=\"1\"><\/path><path id=\"Trazado_900\" data-name=\"Trazado 900\" d=\"M186.357,9.278l6.454,5.013,6.68-5.013\" transform=\"translate(490 712.722)\" fill=\"none\" stroke=\"#fff\" stroke-width=\"1\"><\/path><\/g><\/g><\/svg><br \/>\n\t\t\t\t\t\tSEE MORE<br \/>\n\t\t\t\t\t<\/a><br \/>\n\t\t\t\t\t\t\t\t\t\t\t\t\t\t\t<img loading=\"lazy\" decoding=\"async\" width=\"663\" height=\"498\" src=\"https:\/\/staging.arinzano.com\/wp-content\/uploads\/2022\/11\/img_terroir_home_arinzano.jpg\" alt=\"\" loading=\"lazy\" \/><br \/>\n\t\t\t<iframe src=\"\/iframe-swiper-bottleshots?lang=eng\" title=\"Swiper Wines\" width=\"100%\" height=\"800px\" id=\"Swiper-vinos\" style=\"z-index:90;position:relative\"><\/iframe>\t\t<\/p>\n<h1>VINOS DE PAGOS<\/h1>\n<p>The denomination of Vino de Pago is the highest category that a wine can obtain in Spain, higher than the Qualified Denomination of Origin. After years of exhaustive demonstration of the unique qualities of its climate, geology and vineyards, Ar\u00ednzano is the first property in northern Spain to have received this recognition.<\/p>\n<p>\t\t\t<a role=\"button\"><br \/>\n\t\t\t\t<svg xmlns=\"http:\/\/www.w3.org\/2000\/svg\" width=\"55.749\" height=\"28\" viewBox=\"0 0 55.749 28\"><g id=\"flecha_abajo_arinzano\" transform=\"translate(0 28) rotate(-90)\"><g id=\"Elipse_9\" data-name=\"Elipse 9\" transform=\"translate(0 27.749)\" fill=\"none\" stroke=\"#fff\" stroke-width=\"1\"><circle cx=\"14\" cy=\"14\" r=\"14\" stroke=\"none\"><\/circle><circle cx=\"14\" cy=\"14\" r=\"13.5\" fill=\"none\"><\/circle><\/g><g id=\"Grupo_7\" data-name=\"Grupo 7\" transform=\"translate(-669 -680.251)\"><path id=\"Trazado_899\" data-name=\"Trazado 899\" d=\"M193,1.7V-45.062\" transform=\"translate(490 725.314)\" fill=\"none\" stroke=\"#fff\" stroke-width=\"1\"><\/path><path id=\"Trazado_900\" data-name=\"Trazado 900\" d=\"M186.357,9.278l6.454,5.013,6.68-5.013\" transform=\"translate(490 712.722)\" fill=\"none\" stroke=\"#fff\" stroke-width=\"1\"><\/path><\/g><\/g><\/svg><br \/>\n\t\t\t\t\t\tPURCHASE<br \/>\n\t\t\t\t\t<\/a><br \/>\n\t\t\t<a role=\"button\"><br \/>\n\t\t\t\t\t\tPURCHASE<br \/>\n\t\t\t\t\t<\/a><\/p>\n<h1>JOIN <br \/>\nTO CLUB<\/h1>\n<p>Lorem Ipsum is simply dummy text of the printing and typesetting industry. Lorem Ipsum has been the industry\u2019s standard dummy text ever since the 1500s, when an unknown printer took a galley of type and scrambled it to make a type specimen book.<\/p>\n<p>\t\t\t<a href=\"https:\/\/staging.arinzano.com\/en\/1055-membership-club\/\" role=\"button\"><br \/>\n\t\t\t\t<svg xmlns=\"http:\/\/www.w3.org\/2000\/svg\" width=\"55.749\" height=\"28\" viewBox=\"0 0 55.749 28\"><g id=\"flecha_abajo_arinzano\" transform=\"translate(0 28) rotate(-90)\"><g id=\"Elipse_9\" data-name=\"Elipse 9\" transform=\"translate(0 27.749)\" fill=\"none\" stroke=\"#fff\" stroke-width=\"1\"><circle cx=\"14\" cy=\"14\" r=\"14\" stroke=\"none\"><\/circle><circle cx=\"14\" cy=\"14\" r=\"13.5\" fill=\"none\"><\/circle><\/g><g id=\"Grupo_7\" data-name=\"Grupo 7\" transform=\"translate(-669 -680.251)\"><path id=\"Trazado_899\" data-name=\"Trazado 899\" d=\"M193,1.7V-45.062\" transform=\"translate(490 725.314)\" fill=\"none\" stroke=\"#fff\" stroke-width=\"1\"><\/path><path id=\"Trazado_900\" data-name=\"Trazado 900\" d=\"M186.357,9.278l6.454,5.013,6.68-5.013\" transform=\"translate(490 712.722)\" fill=\"none\" stroke=\"#fff\" stroke-width=\"1\"><\/path><\/g><\/g><\/svg><br \/>\n\t\t\t\t\t\tSEE MORE<br \/>\n\t\t\t\t\t<\/a><br \/>\n\t\t\t<a href=\"#\" role=\"button\"><br \/>\n\t\t\t\t\t\tSEE MORE<br \/>\n\t\t\t\t\t<\/a><br \/>\n\t\t\t\t\t\t\t\t\t\t\t\t\t\t\t<img loading=\"lazy\" decoding=\"async\" width=\"610\" height=\"610\" src=\"https:\/\/staging.arinzano.com\/wp-content\/uploads\/2022\/11\/img_club_home_arinzano.jpg\" alt=\"\" loading=\"lazy\" \/><br \/>\n\t\t\t\t\t\t\t\t\t\t\t\t\t\t\t<img loading=\"lazy\" decoding=\"async\" width=\"610\" height=\"610\" src=\"https:\/\/staging.arinzano.com\/wp-content\/uploads\/2022\/11\/img_club_home_arinzano.jpg\" alt=\"\" loading=\"lazy\" \/><br \/>\n\t\t\t<a role=\"button\"><br \/>\n\t\t\t\t<svg xmlns=\"http:\/\/www.w3.org\/2000\/svg\" width=\"55.749\" height=\"28\" viewBox=\"0 0 55.749 28\"><g id=\"flecha_abajo_arinzano\" transform=\"translate(0 28) rotate(-90)\"><g id=\"Elipse_9\" data-name=\"Elipse 9\" transform=\"translate(0 27.749)\" fill=\"none\" stroke=\"#fff\" stroke-width=\"1\"><circle cx=\"14\" cy=\"14\" r=\"14\" stroke=\"none\"><\/circle><circle cx=\"14\" cy=\"14\" r=\"13.5\" fill=\"none\"><\/circle><\/g><g id=\"Grupo_7\" data-name=\"Grupo 7\" transform=\"translate(-669 -680.251)\"><path id=\"Trazado_899\" data-name=\"Trazado 899\" d=\"M193,1.7V-45.062\" transform=\"translate(490 725.314)\" fill=\"none\" stroke=\"#fff\" stroke-width=\"1\"><\/path><path id=\"Trazado_900\" data-name=\"Trazado 900\" d=\"M186.357,9.278l6.454,5.013,6.68-5.013\" transform=\"translate(490 712.722)\" fill=\"none\" stroke=\"#fff\" stroke-width=\"1\"><\/path><\/g><\/g><\/svg><br \/>\n\t\t\t\t\t\tKNOW OUR WINES<br \/>\n\t\t\t\t\t<\/a><br \/>\n\t\t\t<a role=\"button\"><br \/>\n\t\t\t\t\t\tKNOW OUR WINES<br \/>\n\t\t\t\t\t<\/a><\/p>\n","protected":false},"excerpt":{"rendered":"<p>DISCOVER AR\u00cdNZANO, A THOUSAND YEARS OF MYSTERY A THOUSAND YEARS OF MYSTERY For almost 1000 years, Ar\u00ednzano has cultivated the mystery of Time and Nature. Located in an incomparable valley, magnified by its microclimates, stone, earth and water give rise to an exceptional terroir favourable to the singular expression of three very special varieties of [&hellip;]<\/p>\n","protected":false},"author":1,"featured_media":0,"parent":0,"menu_order":0,"comment_status":"closed","ping_status":"closed","template":"","meta":{"_acf_changed":false,"site-sidebar-layout":"no-sidebar","site-content-layout":"page-builder","ast-site-content-layout":"","site-content-style":"default","site-sidebar-style":"default","ast-global-header-display":"","ast-banner-title-visibility":"","ast-main-header-display":"","ast-hfb-above-header-display":"","ast-hfb-below-header-display":"","ast-hfb-mobile-header-display":"","site-post-title":"disabled","ast-breadcrumbs-content":"","ast-featured-img":"disabled","footer-sml-layout":"","theme-transparent-header-meta":"enabled","adv-header-id-meta":"","stick-header-meta":"","header-above-stick-meta":"","header-main-stick-meta":"","header-below-stick-meta":"","astra-migrate-meta-layouts":"default","ast-page-background-enabled":"default","ast-page-background-meta":{"desktop":{"background-color":"","background-image":"","background-repeat":"repeat","background-position":"center center","background-size":"auto","background-attachment":"scroll","background-type":"","background-media":"","overlay-type":"","overlay-color":"","overlay-opacity":"","overlay-gradient":""},"tablet":{"background-color":"","background-image":"","background-repeat":"repeat","background-position":"center center","background-size":"auto","background-attachment":"scroll","background-type":"","background-media":"","overlay-type":"","overlay-color":"","overlay-opacity":"","overlay-gradient":""},"mobile":{"background-color":"","background-image":"","background-repeat":"repeat","background-position":"center center","background-size":"auto","background-attachment":"scroll","background-type":"","background-media":"","overlay-type":"","overlay-color":"","overlay-opacity":"","overlay-gradient":""}},"ast-content-background-meta":{"desktop":{"background-color":"var(--ast-global-color-5)","background-image":"","background-repeat":"repeat","background-position":"center center","background-size":"auto","background-attachment":"scroll","background-type":"","background-media":"","overlay-type":"","overlay-color":"","overlay-opacity":"","overlay-gradient":""},"tablet":{"background-color":"var(--ast-global-color-5)","background-image":"","background-repeat":"repeat","background-position":"center center","background-size":"auto","background-attachment":"scroll","background-type":"","background-media":"","overlay-type":"","overlay-color":"","overlay-opacity":"","overlay-gradient":""},"mobile":{"background-color":"var(--ast-global-color-5)","background-image":"","background-repeat":"repeat","background-position":"center center","background-size":"auto","background-attachment":"scroll","background-type":"","background-media":"","overlay-type":"","overlay-color":"","overlay-opacity":"","overlay-gradient":""}},"footnotes":""},"class_list":["post-8757","page","type-page","status-publish","hentry"],"acf":[],"yoast_head":"<!-- This site is optimized with the Yoast SEO plugin v25.1 - https:\/\/yoast.com\/wordpress\/plugins\/seo\/ -->\n<title>Home - Arinzano<\/title>\n<meta name=\"robots\" content=\"noindex, follow, max-snippet:-1, max-image-preview:large, max-video-preview:-1\" \/>\n<meta property=\"og:locale\" content=\"en_US\" \/>\n<meta property=\"og:type\" content=\"article\" \/>\n<meta property=\"og:title\" content=\"Home - Arinzano\" \/>\n<meta property=\"og:description\" content=\"DISCOVER AR\u00cdNZANO, A THOUSAND YEARS OF MYSTERY A THOUSAND YEARS OF MYSTERY For almost 1000 years, Ar\u00ednzano has cultivated the mystery of Time and Nature. Located in an incomparable valley, magnified by its microclimates, stone, earth and water give rise to an exceptional terroir favourable to the singular expression of three very special varieties of [&hellip;]\" \/>\n<meta property=\"og:url\" content=\"https:\/\/staging.arinzano.com\/en\/home\/\" \/>\n<meta property=\"og:site_name\" content=\"Arinzano\" \/>\n<meta property=\"article:publisher\" content=\"https:\/\/www.facebook.com\/arinzano1055\" \/>\n<meta property=\"article:modified_time\" content=\"2023-02-09T15:13:13+00:00\" \/>\n<meta property=\"og:image\" content=\"https:\/\/staging.arinzano.com\/wp-content\/uploads\/2022\/12\/slideh_ome_arinzano.jpg\" \/>\n<meta name=\"twitter:card\" content=\"summary_large_image\" \/>\n<meta name=\"twitter:label1\" content=\"Est. reading time\" \/>\n\t<meta name=\"twitter:data1\" content=\"3 minutes\" \/>\n<script type=\"application\/ld+json\" class=\"yoast-schema-graph\">{\"@context\":\"https:\/\/schema.org\",\"@graph\":[{\"@type\":\"WebPage\",\"@id\":\"https:\/\/staging.arinzano.com\/en\/home\/\",\"url\":\"https:\/\/staging.arinzano.com\/en\/home\/\",\"name\":\"Home - Arinzano\",\"isPartOf\":{\"@id\":\"https:\/\/staging.arinzano.com\/en\/#website\"},\"primaryImageOfPage\":{\"@id\":\"https:\/\/staging.arinzano.com\/en\/home\/#primaryimage\"},\"image\":{\"@id\":\"https:\/\/staging.arinzano.com\/en\/home\/#primaryimage\"},\"thumbnailUrl\":\"https:\/\/staging.arinzano.com\/wp-content\/uploads\/2022\/12\/slideh_ome_arinzano.jpg\",\"datePublished\":\"2017-12-17T09:31:19+00:00\",\"dateModified\":\"2023-02-09T15:13:13+00:00\",\"breadcrumb\":{\"@id\":\"https:\/\/staging.arinzano.com\/en\/home\/#breadcrumb\"},\"inLanguage\":\"en-US\",\"potentialAction\":[{\"@type\":\"ReadAction\",\"target\":[\"https:\/\/staging.arinzano.com\/en\/home\/\"]}]},{\"@type\":\"ImageObject\",\"inLanguage\":\"en-US\",\"@id\":\"https:\/\/staging.arinzano.com\/en\/home\/#primaryimage\",\"url\":\"https:\/\/staging.arinzano.com\/wp-content\/uploads\/2022\/12\/slideh_ome_arinzano.jpg\",\"contentUrl\":\"https:\/\/staging.arinzano.com\/wp-content\/uploads\/2022\/12\/slideh_ome_arinzano.jpg\"},{\"@type\":\"BreadcrumbList\",\"@id\":\"https:\/\/staging.arinzano.com\/en\/home\/#breadcrumb\",\"itemListElement\":[{\"@type\":\"ListItem\",\"position\":1,\"name\":\"Home\",\"item\":\"https:\/\/staging.arinzano.com\/en\/\"},{\"@type\":\"ListItem\",\"position\":2,\"name\":\"Home\"}]},{\"@type\":\"WebSite\",\"@id\":\"https:\/\/staging.arinzano.com\/en\/#website\",\"url\":\"https:\/\/staging.arinzano.com\/en\/\",\"name\":\"Arinzano\",\"description\":\"La denominaci\u00f3n de vino de pago es la m\u00e1xima categor\u00eda que puede obtener un vino en Espa\u00f1a.\",\"publisher\":{\"@id\":\"https:\/\/staging.arinzano.com\/en\/#organization\"},\"potentialAction\":[{\"@type\":\"SearchAction\",\"target\":{\"@type\":\"EntryPoint\",\"urlTemplate\":\"https:\/\/staging.arinzano.com\/en\/?s={search_term_string}\"},\"query-input\":{\"@type\":\"PropertyValueSpecification\",\"valueRequired\":true,\"valueName\":\"search_term_string\"}}],\"inLanguage\":\"en-US\"},{\"@type\":\"Organization\",\"@id\":\"https:\/\/staging.arinzano.com\/en\/#organization\",\"name\":\"Arinzano\",\"url\":\"https:\/\/staging.arinzano.com\/en\/\",\"logo\":{\"@type\":\"ImageObject\",\"inLanguage\":\"en-US\",\"@id\":\"https:\/\/staging.arinzano.com\/en\/#\/schema\/logo\/image\/\",\"url\":\"https:\/\/mendozacreativa.com\/wp-content\/uploads\/2022\/12\/logo.png\",\"contentUrl\":\"https:\/\/mendozacreativa.com\/wp-content\/uploads\/2022\/12\/logo.png\",\"width\":502,\"height\":460,\"caption\":\"Arinzano\"},\"image\":{\"@id\":\"https:\/\/staging.arinzano.com\/en\/#\/schema\/logo\/image\/\"},\"sameAs\":[\"https:\/\/www.facebook.com\/arinzano1055\"]}]}<\/script>\n<!-- \/ Yoast SEO plugin. -->","yoast_head_json":{"title":"Home - Arinzano","robots":{"index":"noindex","follow":"follow","max-snippet":"max-snippet:-1","max-image-preview":"max-image-preview:large","max-video-preview":"max-video-preview:-1"},"og_locale":"en_US","og_type":"article","og_title":"Home - Arinzano","og_description":"DISCOVER AR\u00cdNZANO, A THOUSAND YEARS OF MYSTERY A THOUSAND YEARS OF MYSTERY For almost 1000 years, Ar\u00ednzano has cultivated the mystery of Time and Nature. Located in an incomparable valley, magnified by its microclimates, stone, earth and water give rise to an exceptional terroir favourable to the singular expression of three very special varieties of [&hellip;]","og_url":"https:\/\/staging.arinzano.com\/en\/home\/","og_site_name":"Arinzano","article_publisher":"https:\/\/www.facebook.com\/arinzano1055","article_modified_time":"2023-02-09T15:13:13+00:00","og_image":[{"url":"https:\/\/staging.arinzano.com\/wp-content\/uploads\/2022\/12\/slideh_ome_arinzano.jpg","type":"","width":"","height":""}],"twitter_card":"summary_large_image","twitter_misc":{"Est. reading time":"3 minutes"},"schema":{"@context":"https:\/\/schema.org","@graph":[{"@type":"WebPage","@id":"https:\/\/staging.arinzano.com\/en\/home\/","url":"https:\/\/staging.arinzano.com\/en\/home\/","name":"Home - Arinzano","isPartOf":{"@id":"https:\/\/staging.arinzano.com\/en\/#website"},"primaryImageOfPage":{"@id":"https:\/\/staging.arinzano.com\/en\/home\/#primaryimage"},"image":{"@id":"https:\/\/staging.arinzano.com\/en\/home\/#primaryimage"},"thumbnailUrl":"https:\/\/staging.arinzano.com\/wp-content\/uploads\/2022\/12\/slideh_ome_arinzano.jpg","datePublished":"2017-12-17T09:31:19+00:00","dateModified":"2023-02-09T15:13:13+00:00","breadcrumb":{"@id":"https:\/\/staging.arinzano.com\/en\/home\/#breadcrumb"},"inLanguage":"en-US","potentialAction":[{"@type":"ReadAction","target":["https:\/\/staging.arinzano.com\/en\/home\/"]}]},{"@type":"ImageObject","inLanguage":"en-US","@id":"https:\/\/staging.arinzano.com\/en\/home\/#primaryimage","url":"https:\/\/staging.arinzano.com\/wp-content\/uploads\/2022\/12\/slideh_ome_arinzano.jpg","contentUrl":"https:\/\/staging.arinzano.com\/wp-content\/uploads\/2022\/12\/slideh_ome_arinzano.jpg"},{"@type":"BreadcrumbList","@id":"https:\/\/staging.arinzano.com\/en\/home\/#breadcrumb","itemListElement":[{"@type":"ListItem","position":1,"name":"Home","item":"https:\/\/staging.arinzano.com\/en\/"},{"@type":"ListItem","position":2,"name":"Home"}]},{"@type":"WebSite","@id":"https:\/\/staging.arinzano.com\/en\/#website","url":"https:\/\/staging.arinzano.com\/en\/","name":"Arinzano","description":"La denominaci\u00f3n de vino de pago es la m\u00e1xima categor\u00eda que puede obtener un vino en Espa\u00f1a.","publisher":{"@id":"https:\/\/staging.arinzano.com\/en\/#organization"},"potentialAction":[{"@type":"SearchAction","target":{"@type":"EntryPoint","urlTemplate":"https:\/\/staging.arinzano.com\/en\/?s={search_term_string}"},"query-input":{"@type":"PropertyValueSpecification","valueRequired":true,"valueName":"search_term_string"}}],"inLanguage":"en-US"},{"@type":"Organization","@id":"https:\/\/staging.arinzano.com\/en\/#organization","name":"Arinzano","url":"https:\/\/staging.arinzano.com\/en\/","logo":{"@type":"ImageObject","inLanguage":"en-US","@id":"https:\/\/staging.arinzano.com\/en\/#\/schema\/logo\/image\/","url":"https:\/\/mendozacreativa.com\/wp-content\/uploads\/2022\/12\/logo.png","contentUrl":"https:\/\/mendozacreativa.com\/wp-content\/uploads\/2022\/12\/logo.png","width":502,"height":460,"caption":"Arinzano"},"image":{"@id":"https:\/\/staging.arinzano.com\/en\/#\/schema\/logo\/image\/"},"sameAs":["https:\/\/www.facebook.com\/arinzano1055"]}]}},"_links":{"self":[{"href":"https:\/\/staging.arinzano.com\/en\/wp-json\/wp\/v2\/pages\/8757","targetHints":{"allow":["GET"]}}],"collection":[{"href":"https:\/\/staging.arinzano.com\/en\/wp-json\/wp\/v2\/pages"}],"about":[{"href":"https:\/\/staging.arinzano.com\/en\/wp-json\/wp\/v2\/types\/page"}],"author":[{"embeddable":true,"href":"https:\/\/staging.arinzano.com\/en\/wp-json\/wp\/v2\/users\/1"}],"replies":[{"embeddable":true,"href":"https:\/\/staging.arinzano.com\/en\/wp-json\/wp\/v2\/comments?post=8757"}],"version-history":[{"count":21,"href":"https:\/\/staging.arinzano.com\/en\/wp-json\/wp\/v2\/pages\/8757\/revisions"}],"predecessor-version":[{"id":11148,"href":"https:\/\/staging.arinzano.com\/en\/wp-json\/wp\/v2\/pages\/8757\/revisions\/11148"}],"wp:attachment":[{"href":"https:\/\/staging.arinzano.com\/en\/wp-json\/wp\/v2\/media?parent=8757"}],"curies":[{"name":"wp","href":"https:\/\/api.w.org\/{rel}","templated":true}]}}