{"id":10750,"date":"2023-01-31T13:39:46","date_gmt":"2023-01-31T16:39:46","guid":{"rendered":"https:\/\/staging.arinzano.com\/?post_type=product&#038;p=10750"},"modified":"2023-01-31T13:42:24","modified_gmt":"2023-01-31T16:42:24","slug":"hacienda-de-arinzano-chardonnay","status":"publish","type":"product","link":"https:\/\/staging.arinzano.com\/en\/product\/hacienda-de-arinzano-chardonnay\/","title":{"rendered":"HACIENDA DE AR\u00cdNZANO CHARDONNAY"},"content":{"rendered":"","protected":false},"excerpt":{"rendered":"","protected":false},"featured_media":7685,"comment_status":"open","ping_status":"closed","template":"","meta":{"_acf_changed":false,"site-sidebar-layout":"default","site-content-layout":"default","ast-site-content-layout":"","site-content-style":"default","site-sidebar-style":"default","ast-global-header-display":"","ast-banner-title-visibility":"","ast-main-header-display":"","ast-hfb-above-header-display":"","ast-hfb-below-header-display":"","ast-hfb-mobile-header-display":"","site-post-title":"","ast-breadcrumbs-content":"","ast-featured-img":"","footer-sml-layout":"","theme-transparent-header-meta":"default","adv-header-id-meta":"","stick-header-meta":"","header-above-stick-meta":"","header-main-stick-meta":"","header-below-stick-meta":"","astra-migrate-meta-layouts":"default","ast-page-background-enabled":"default","ast-page-background-meta":{"desktop":{"background-color":"","background-image":"","background-repeat":"repeat","background-position":"center center","background-size":"auto","background-attachment":"scroll","background-type":"","background-media":"","overlay-type":"","overlay-color":"","overlay-opacity":"","overlay-gradient":""},"tablet":{"background-color":"","background-image":"","background-repeat":"repeat","background-position":"center center","background-size":"auto","background-attachment":"scroll","background-type":"","background-media":"","overlay-type":"","overlay-color":"","overlay-opacity":"","overlay-gradient":""},"mobile":{"background-color":"","background-image":"","background-repeat":"repeat","background-position":"center center","background-size":"auto","background-attachment":"scroll","background-type":"","background-media":"","overlay-type":"","overlay-color":"","overlay-opacity":"","overlay-gradient":""}},"ast-content-background-meta":{"desktop":{"background-color":"var(--ast-global-color-5)","background-image":"","background-repeat":"repeat","background-position":"center center","background-size":"auto","background-attachment":"scroll","background-type":"","background-media":"","overlay-type":"","overlay-color":"","overlay-opacity":"","overlay-gradient":""},"tablet":{"background-color":"var(--ast-global-color-5)","background-image":"","background-repeat":"repeat","background-position":"center center","background-size":"auto","background-attachment":"scroll","background-type":"","background-media":"","overlay-type":"","overlay-color":"","overlay-opacity":"","overlay-gradient":""},"mobile":{"background-color":"var(--ast-global-color-5)","background-image":"","background-repeat":"repeat","background-position":"center center","background-size":"auto","background-attachment":"scroll","background-type":"","background-media":"","overlay-type":"","overlay-color":"","overlay-opacity":"","overlay-gradient":""}}},"product_brand":[],"product_cat":[],"product_tag":[],"class_list":{"0":"post-10750","1":"product","2":"type-product","3":"status-publish","4":"has-post-thumbnail","6":"desktop-align-left","7":"tablet-align-left","8":"mobile-align-left","10":"first","11":"instock","12":"taxable","13":"shipping-taxable","14":"purchasable","15":"product-type-simple"},"acf":[],"yoast_head":"<!-- This site is optimized with the Yoast SEO plugin v25.1 - https:\/\/yoast.com\/wordpress\/plugins\/seo\/ -->\n<title>HACIENDA DE AR\u00cdNZANO CHARDONNAY - Arinzano<\/title>\n<meta name=\"robots\" content=\"noindex, follow, max-snippet:-1, max-image-preview:large, max-video-preview:-1\" \/>\n<meta property=\"og:locale\" content=\"en_US\" \/>\n<meta property=\"og:type\" content=\"article\" \/>\n<meta property=\"og:title\" content=\"HACIENDA DE AR\u00cdNZANO CHARDONNAY - Arinzano\" \/>\n<meta property=\"og:url\" content=\"https:\/\/staging.arinzano.com\/en\/product\/hacienda-de-arinzano-chardonnay\/\" \/>\n<meta property=\"og:site_name\" content=\"Arinzano\" \/>\n<meta property=\"article:publisher\" content=\"https:\/\/www.facebook.com\/arinzano1055\" \/>\n<meta property=\"article:modified_time\" content=\"2023-01-31T16:42:24+00:00\" \/>\n<meta property=\"og:image\" content=\"https:\/\/staging.arinzano.com\/wp-content\/uploads\/2022\/11\/haciendablanco_chardonnay_arinzano-1.png\" \/>\n\t<meta property=\"og:image:width\" content=\"339\" \/>\n\t<meta property=\"og:image:height\" content=\"973\" \/>\n\t<meta property=\"og:image:type\" content=\"image\/png\" \/>\n<meta name=\"twitter:card\" content=\"summary_large_image\" \/>\n<script type=\"application\/ld+json\" class=\"yoast-schema-graph\">{\"@context\":\"https:\/\/schema.org\",\"@graph\":[{\"@type\":\"WebPage\",\"@id\":\"https:\/\/staging.arinzano.com\/en\/product\/hacienda-de-arinzano-chardonnay\/\",\"url\":\"https:\/\/staging.arinzano.com\/en\/product\/hacienda-de-arinzano-chardonnay\/\",\"name\":\"HACIENDA DE AR\u00cdNZANO CHARDONNAY - Arinzano\",\"isPartOf\":{\"@id\":\"https:\/\/staging.arinzano.com\/en\/#website\"},\"primaryImageOfPage\":{\"@id\":\"https:\/\/staging.arinzano.com\/en\/product\/hacienda-de-arinzano-chardonnay\/#primaryimage\"},\"image\":{\"@id\":\"https:\/\/staging.arinzano.com\/en\/product\/hacienda-de-arinzano-chardonnay\/#primaryimage\"},\"thumbnailUrl\":\"https:\/\/staging.arinzano.com\/wp-content\/uploads\/2022\/11\/haciendablanco_chardonnay_arinzano-1.png\",\"datePublished\":\"2023-01-31T16:39:46+00:00\",\"dateModified\":\"2023-01-31T16:42:24+00:00\",\"breadcrumb\":{\"@id\":\"https:\/\/staging.arinzano.com\/en\/product\/hacienda-de-arinzano-chardonnay\/#breadcrumb\"},\"inLanguage\":\"en-US\",\"potentialAction\":[{\"@type\":\"ReadAction\",\"target\":[\"https:\/\/staging.arinzano.com\/en\/product\/hacienda-de-arinzano-chardonnay\/\"]}]},{\"@type\":\"ImageObject\",\"inLanguage\":\"en-US\",\"@id\":\"https:\/\/staging.arinzano.com\/en\/product\/hacienda-de-arinzano-chardonnay\/#primaryimage\",\"url\":\"https:\/\/staging.arinzano.com\/wp-content\/uploads\/2022\/11\/haciendablanco_chardonnay_arinzano-1.png\",\"contentUrl\":\"https:\/\/staging.arinzano.com\/wp-content\/uploads\/2022\/11\/haciendablanco_chardonnay_arinzano-1.png\",\"width\":339,\"height\":973},{\"@type\":\"BreadcrumbList\",\"@id\":\"https:\/\/staging.arinzano.com\/en\/product\/hacienda-de-arinzano-chardonnay\/#breadcrumb\",\"itemListElement\":[{\"@type\":\"ListItem\",\"position\":1,\"name\":\"Home\",\"item\":\"https:\/\/staging.arinzano.com\/en\/\"},{\"@type\":\"ListItem\",\"position\":2,\"name\":\"Store\",\"item\":\"https:\/\/staging.arinzano.com\/en\/store\/\"},{\"@type\":\"ListItem\",\"position\":3,\"name\":\"HACIENDA DE AR\u00cdNZANO CHARDONNAY\"}]},{\"@type\":\"WebSite\",\"@id\":\"https:\/\/staging.arinzano.com\/en\/#website\",\"url\":\"https:\/\/staging.arinzano.com\/en\/\",\"name\":\"Arinzano\",\"description\":\"La denominaci\u00f3n de vino de pago es la m\u00e1xima categor\u00eda que puede obtener un vino en Espa\u00f1a.\",\"publisher\":{\"@id\":\"https:\/\/staging.arinzano.com\/en\/#organization\"},\"potentialAction\":[{\"@type\":\"SearchAction\",\"target\":{\"@type\":\"EntryPoint\",\"urlTemplate\":\"https:\/\/staging.arinzano.com\/en\/?s={search_term_string}\"},\"query-input\":{\"@type\":\"PropertyValueSpecification\",\"valueRequired\":true,\"valueName\":\"search_term_string\"}}],\"inLanguage\":\"en-US\"},{\"@type\":\"Organization\",\"@id\":\"https:\/\/staging.arinzano.com\/en\/#organization\",\"name\":\"Arinzano\",\"url\":\"https:\/\/staging.arinzano.com\/en\/\",\"logo\":{\"@type\":\"ImageObject\",\"inLanguage\":\"en-US\",\"@id\":\"https:\/\/staging.arinzano.com\/en\/#\/schema\/logo\/image\/\",\"url\":\"https:\/\/mendozacreativa.com\/wp-content\/uploads\/2022\/12\/logo.png\",\"contentUrl\":\"https:\/\/mendozacreativa.com\/wp-content\/uploads\/2022\/12\/logo.png\",\"width\":502,\"height\":460,\"caption\":\"Arinzano\"},\"image\":{\"@id\":\"https:\/\/staging.arinzano.com\/en\/#\/schema\/logo\/image\/\"},\"sameAs\":[\"https:\/\/www.facebook.com\/arinzano1055\"]}]}<\/script>\n<!-- \/ Yoast SEO plugin. -->","yoast_head_json":{"title":"HACIENDA DE AR\u00cdNZANO CHARDONNAY - Arinzano","robots":{"index":"noindex","follow":"follow","max-snippet":"max-snippet:-1","max-image-preview":"max-image-preview:large","max-video-preview":"max-video-preview:-1"},"og_locale":"en_US","og_type":"article","og_title":"HACIENDA DE AR\u00cdNZANO CHARDONNAY - Arinzano","og_url":"https:\/\/staging.arinzano.com\/en\/product\/hacienda-de-arinzano-chardonnay\/","og_site_name":"Arinzano","article_publisher":"https:\/\/www.facebook.com\/arinzano1055","article_modified_time":"2023-01-31T16:42:24+00:00","og_image":[{"width":339,"height":973,"url":"https:\/\/staging.arinzano.com\/wp-content\/uploads\/2022\/11\/haciendablanco_chardonnay_arinzano-1.png","type":"image\/png"}],"twitter_card":"summary_large_image","schema":{"@context":"https:\/\/schema.org","@graph":[{"@type":"WebPage","@id":"https:\/\/staging.arinzano.com\/en\/product\/hacienda-de-arinzano-chardonnay\/","url":"https:\/\/staging.arinzano.com\/en\/product\/hacienda-de-arinzano-chardonnay\/","name":"HACIENDA DE AR\u00cdNZANO CHARDONNAY - Arinzano","isPartOf":{"@id":"https:\/\/staging.arinzano.com\/en\/#website"},"primaryImageOfPage":{"@id":"https:\/\/staging.arinzano.com\/en\/product\/hacienda-de-arinzano-chardonnay\/#primaryimage"},"image":{"@id":"https:\/\/staging.arinzano.com\/en\/product\/hacienda-de-arinzano-chardonnay\/#primaryimage"},"thumbnailUrl":"https:\/\/staging.arinzano.com\/wp-content\/uploads\/2022\/11\/haciendablanco_chardonnay_arinzano-1.png","datePublished":"2023-01-31T16:39:46+00:00","dateModified":"2023-01-31T16:42:24+00:00","breadcrumb":{"@id":"https:\/\/staging.arinzano.com\/en\/product\/hacienda-de-arinzano-chardonnay\/#breadcrumb"},"inLanguage":"en-US","potentialAction":[{"@type":"ReadAction","target":["https:\/\/staging.arinzano.com\/en\/product\/hacienda-de-arinzano-chardonnay\/"]}]},{"@type":"ImageObject","inLanguage":"en-US","@id":"https:\/\/staging.arinzano.com\/en\/product\/hacienda-de-arinzano-chardonnay\/#primaryimage","url":"https:\/\/staging.arinzano.com\/wp-content\/uploads\/2022\/11\/haciendablanco_chardonnay_arinzano-1.png","contentUrl":"https:\/\/staging.arinzano.com\/wp-content\/uploads\/2022\/11\/haciendablanco_chardonnay_arinzano-1.png","width":339,"height":973},{"@type":"BreadcrumbList","@id":"https:\/\/staging.arinzano.com\/en\/product\/hacienda-de-arinzano-chardonnay\/#breadcrumb","itemListElement":[{"@type":"ListItem","position":1,"name":"Home","item":"https:\/\/staging.arinzano.com\/en\/"},{"@type":"ListItem","position":2,"name":"Store","item":"https:\/\/staging.arinzano.com\/en\/store\/"},{"@type":"ListItem","position":3,"name":"HACIENDA DE AR\u00cdNZANO CHARDONNAY"}]},{"@type":"WebSite","@id":"https:\/\/staging.arinzano.com\/en\/#website","url":"https:\/\/staging.arinzano.com\/en\/","name":"Arinzano","description":"La denominaci\u00f3n de vino de pago es la m\u00e1xima categor\u00eda que puede obtener un vino en Espa\u00f1a.","publisher":{"@id":"https:\/\/staging.arinzano.com\/en\/#organization"},"potentialAction":[{"@type":"SearchAction","target":{"@type":"EntryPoint","urlTemplate":"https:\/\/staging.arinzano.com\/en\/?s={search_term_string}"},"query-input":{"@type":"PropertyValueSpecification","valueRequired":true,"valueName":"search_term_string"}}],"inLanguage":"en-US"},{"@type":"Organization","@id":"https:\/\/staging.arinzano.com\/en\/#organization","name":"Arinzano","url":"https:\/\/staging.arinzano.com\/en\/","logo":{"@type":"ImageObject","inLanguage":"en-US","@id":"https:\/\/staging.arinzano.com\/en\/#\/schema\/logo\/image\/","url":"https:\/\/mendozacreativa.com\/wp-content\/uploads\/2022\/12\/logo.png","contentUrl":"https:\/\/mendozacreativa.com\/wp-content\/uploads\/2022\/12\/logo.png","width":502,"height":460,"caption":"Arinzano"},"image":{"@id":"https:\/\/staging.arinzano.com\/en\/#\/schema\/logo\/image\/"},"sameAs":["https:\/\/www.facebook.com\/arinzano1055"]}]}},"_links":{"self":[{"href":"https:\/\/staging.arinzano.com\/en\/wp-json\/wp\/v2\/product\/10750","targetHints":{"allow":["GET"]}}],"collection":[{"href":"https:\/\/staging.arinzano.com\/en\/wp-json\/wp\/v2\/product"}],"about":[{"href":"https:\/\/staging.arinzano.com\/en\/wp-json\/wp\/v2\/types\/product"}],"replies":[{"embeddable":true,"href":"https:\/\/staging.arinzano.com\/en\/wp-json\/wp\/v2\/comments?post=10750"}],"version-history":[{"count":0,"href":"https:\/\/staging.arinzano.com\/en\/wp-json\/wp\/v2\/product\/10750\/revisions"}],"wp:featuredmedia":[{"embeddable":true,"href":"https:\/\/staging.arinzano.com\/en\/wp-json\/wp\/v2\/media\/7685"}],"wp:attachment":[{"href":"https:\/\/staging.arinzano.com\/en\/wp-json\/wp\/v2\/media?parent=10750"}],"wp:term":[{"taxonomy":"product_brand","embeddable":true,"href":"https:\/\/staging.arinzano.com\/en\/wp-json\/wp\/v2\/product_brand?post=10750"},{"taxonomy":"product_cat","embeddable":true,"href":"https:\/\/staging.arinzano.com\/en\/wp-json\/wp\/v2\/product_cat?post=10750"},{"taxonomy":"product_tag","embeddable":true,"href":"https:\/\/staging.arinzano.com\/en\/wp-json\/wp\/v2\/product_tag?post=10750"}],"curies":[{"name":"wp","href":"https:\/\/api.w.org\/{rel}","templated":true}]}}